{"id":313,"date":"2020-05-30T18:13:31","date_gmt":"2020-05-30T18:13:31","guid":{"rendered":"http:\/\/mrcmarine.com\/?page_id=313"},"modified":"2020-05-30T18:34:33","modified_gmt":"2020-05-30T18:34:33","slug":"hakkimizda","status":"publish","type":"page","link":"https:\/\/mrcmarine.com\/index.php\/hakkimizda\/","title":{"rendered":"HAKKIMIZDA"},"content":{"rendered":"\n<p class=\"has-text-align-center\"><em>2008 y\u0131l\u0131nda \u0130stanbul&#8217;da kurulan MRC GEM\u0130, kurulu\u015fundan beri gemi elektroni\u011fi sekt\u00f6r\u00fcnde kullan\u0131lan t\u00fcm gemi seyir ve k\u00f6pr\u00fc\u00fcst\u00fc cihazlar\u0131n\u0131 marka &#8211; model g\u00f6zetmeksizin t\u00fcm elektronik sistemlerin sat\u0131\u015f\u0131n\u0131, bak\u0131m ve onar\u0131m\u0131n\u0131, yedek par\u00e7a teminini, teknik servis deste\u011fini, montaj\u0131n\u0131 profesyonel kadrosu ile&nbsp;sizlere hizmet vermektedir.<\/em><\/p>\n\n\n\n<p class=\"has-medium-font-size\"><strong>V\u0130ZYONUMUZ<\/strong><\/p>\n\n\n\n<p class=\"has-text-align-left\"><em>7\/24 d\u00fcnyan\u0131n her yerine ula\u015fan MRC MARINE, gemi elektroni\u011fi alan\u0131nda en geni\u015f \u00fcr\u00fcn se\u00e7eneklerini, en uygun fiyat politikas\u0131yla m\u00fc\u015fterilerine sunarak memnuniyet derecesini en \u00fcst seviyede tutmak ve ihtiya\u00e7lar\u0131na zaman\u0131nda cevap vermeyi kendine vizyon edinmi\u015ftir.<\/em><\/p>\n\n\n\n<p><em>Hizmetlerimizi m\u00fc\u015fterilerimize kalite standartlar\u0131m\u0131za ve tecr\u00fcbemize dayanarak en iyi \u015fekilde sunmakt\u0131r.<\/em><\/p>\n\n\n\n<div class=\"wp-block-group\"><div class=\"wp-block-group__inner-container\">\n<p class=\"has-medium-font-size\"><strong><span class=\"has-inline-color has-dark-gray-color\">M\u0130SYONUMUZ<\/span><\/strong><\/p>\n\n\n\n<div class=\"wp-block-group\"><div class=\"wp-block-group__inner-container\">\n<p><em>Gemi elektroni\u011fi ve haberle\u015fme sekt\u00f6r\u00fcnde, pazar\u0131n lideri olmak <\/em><\/p>\n<\/div><\/div>\n<\/div><\/div>\n\n\n\n<p class=\"has-medium-font-size\"><strong>DE\u011eERLER\u0130M\u0130Z<\/strong><\/p>\n\n\n\n<ul><li><em>Memnuniyet derecesini en \u00fcst seviyede tutmak<\/em><\/li><li><em>En uygun fiyat politikas\u0131<\/em><\/li><li><em>\u0130htiya\u00e7lar\u0131n\u0131za zaman\u0131nda cevap vermek<\/em><\/li><\/ul>\n\n\n\n<figure class=\"wp-block-gallery aligncenter columns-1 is-cropped\"><ul class=\"blocks-gallery-grid\"><li class=\"blocks-gallery-item\"><figure><img loading=\"lazy\" width=\"960\" height=\"638\" src=\"https:\/\/mrcmarine.com\/wp-content\/uploads\/2020\/04\/sea-2540817_960_720-1.jpg\" alt=\"\" data-id=\"186\" data-full-url=\"https:\/\/mrcmarine.com\/wp-content\/uploads\/2020\/04\/sea-2540817_960_720-1.jpg\" data-link=\"https:\/\/mrcmarine.com\/sea-2540817_960_720-1\/\" class=\"wp-image-186\" srcset=\"https:\/\/mrcmarine.com\/wp-content\/uploads\/2020\/04\/sea-2540817_960_720-1.jpg 960w, https:\/\/mrcmarine.com\/wp-content\/uploads\/2020\/04\/sea-2540817_960_720-1-300x199.jpg 300w, https:\/\/mrcmarine.com\/wp-content\/uploads\/2020\/04\/sea-2540817_960_720-1-768x510.jpg 768w\" sizes=\"(max-width: 709px) 85vw, (max-width: 909px) 67vw, (max-width: 1362px) 62vw, 840px\" \/><\/figure><\/li><\/ul><\/figure>\n","protected":false},"excerpt":{"rendered":"<p>2008 y\u0131l\u0131nda \u0130stanbul&#8217;da kurulan MRC GEM\u0130, kurulu\u015fundan beri gemi elektroni\u011fi sekt\u00f6r\u00fcnde kullan\u0131lan t\u00fcm gemi seyir ve k\u00f6pr\u00fc\u00fcst\u00fc cihazlar\u0131n\u0131 marka &#8211; model g\u00f6zetmeksizin t\u00fcm elektronik sistemlerin sat\u0131\u015f\u0131n\u0131, bak\u0131m ve onar\u0131m\u0131n\u0131, yedek par\u00e7a teminini, teknik servis deste\u011fini, montaj\u0131n\u0131 profesyonel kadrosu ile&nbsp;sizlere hizmet vermektedir. V\u0130ZYONUMUZ 7\/24 d\u00fcnyan\u0131n her yerine ula\u015fan MRC MARINE, gemi elektroni\u011fi alan\u0131nda en geni\u015f \u00fcr\u00fcn &hellip; <a href=\"https:\/\/mrcmarine.com\/index.php\/hakkimizda\/\" class=\"more-link\">Okumaya devam et<span class=\"screen-reader-text\"> &#8220;HAKKIMIZDA&#8221;<\/span><\/a><\/p>\n","protected":false},"author":1,"featured_media":0,"parent":0,"menu_order":0,"comment_status":"closed","ping_status":"closed","template":"","meta":[],"_links":{"self":[{"href":"https:\/\/mrcmarine.com\/index.php\/wp-json\/wp\/v2\/pages\/313"}],"collection":[{"href":"https:\/\/mrcmarine.com\/index.php\/wp-json\/wp\/v2\/pages"}],"about":[{"href":"https:\/\/mrcmarine.com\/index.php\/wp-json\/wp\/v2\/types\/page"}],"author":[{"embeddable":true,"href":"https:\/\/mrcmarine.com\/index.php\/wp-json\/wp\/v2\/users\/1"}],"replies":[{"embeddable":true,"href":"https:\/\/mrcmarine.com\/index.php\/wp-json\/wp\/v2\/comments?post=313"}],"version-history":[{"count":3,"href":"https:\/\/mrcmarine.com\/index.php\/wp-json\/wp\/v2\/pages\/313\/revisions"}],"predecessor-version":[{"id":318,"href":"https:\/\/mrcmarine.com\/index.php\/wp-json\/wp\/v2\/pages\/313\/revisions\/318"}],"wp:attachment":[{"href":"https:\/\/mrcmarine.com\/index.php\/wp-json\/wp\/v2\/media?parent=313"}],"curies":[{"name":"wp","href":"https:\/\/api.w.org\/{rel}","templated":true}]}}