{"id":315,"date":"2020-05-30T18:24:58","date_gmt":"2020-05-30T18:24:58","guid":{"rendered":"http:\/\/mrcmarine.com\/?page_id=315"},"modified":"2020-05-30T18:24:59","modified_gmt":"2020-05-30T18:24:59","slug":"hizmetlerimiz","status":"publish","type":"page","link":"https:\/\/mrcmarine.com\/index.php\/hizmetlerimiz\/","title":{"rendered":"H\u0130ZMETLER\u0130M\u0130Z"},"content":{"rendered":"\n<p><em>T\u00fcm s\u0131f\u0131r&amp;ikinci el cihaz, ar\u0131za , bak\u0131m ve sertifikasyon i\u015flemlerinizi en h\u0131zl\u0131 \u015fekilde \u00e7\u00f6z\u00fcmlemeyi hedeflemekteyiz.<\/em><\/p>\n\n\n\n<p><em>Deneyimli ekibimizle m\u00fc\u015fterilerimize gemi i\u015fletmesi, teknik y\u00f6netimi ve onar\u0131m-bak\u0131m konular\u0131nda dan\u0131\u015fmanl\u0131k vermekteyiz.<\/em><\/p>\n\n\n\n<p><em>\u015eirketimizin Teknik Y\u00f6netimi politikalar \u00e7er\u00e7evesinde gemi sahipleri ve kirac\u0131lar i\u00e7in s\u00fcrekli olarak g\u00fcvenli ve etkili operasyonlar\u0131 garanti eder. S\u0131n\u0131f, Bayrak ve kalite standartlar\u0131 \u00e7er\u00e7evesinde hizmet sun<\/em>maktay\u0131z.<\/p>\n\n\n\n<p><em>RADIO SURVEY INSPECTION &amp; CERTIFICATION, Radar, Echosounder, GMDSS System, VHF\/DSC.MF\/HF SSB Radio\u00a0Telephone, Sonar<\/em><\/p>\n\n\n\n<p><em>INMARSAT-C,TELEX, GPS,NAVTEX\/Weather Fax Sart, Epirb, Marine Interface, Speed&nbsp;Log, GYRO Compass, Autopilot, AIS,S-VDR,&nbsp; SSAS, LRIT, BNWAS,<\/em><\/p>\n\n\n\n<p><em>ECDIS, Satellite System ve vb. gemi seyir ekipmanlar\u0131n\u0131n sat\u0131\u015f\u0131 ve tamiri, par\u00e7a temini, teknik destek hizmeti, sertifikaland\u0131rmas\u0131, kurulumu taraf\u0131m\u0131zdan ger\u00e7ekle\u015ftirilmektedir.<\/em><\/p>\n\n\n\n<p><em>7\/24 d\u00fcnyan\u0131n her b\u00f6lgesine teknik destek vermekteyiz.<\/em><\/p>\n\n\n\n<figure class=\"wp-block-gallery aligncenter columns-1 is-cropped\"><ul class=\"blocks-gallery-grid\"><li class=\"blocks-gallery-item\"><figure><img loading=\"lazy\" width=\"896\" height=\"720\" src=\"https:\/\/mrcmarine.com\/wp-content\/uploads\/2020\/05\/dock-1277744_960_720.jpg\" alt=\"\" data-id=\"283\" data-full-url=\"https:\/\/mrcmarine.com\/wp-content\/uploads\/2020\/05\/dock-1277744_960_720.jpg\" data-link=\"https:\/\/mrcmarine.com\/dock-1277744_960_720\/\" class=\"wp-image-283\" srcset=\"https:\/\/mrcmarine.com\/wp-content\/uploads\/2020\/05\/dock-1277744_960_720.jpg 896w, https:\/\/mrcmarine.com\/wp-content\/uploads\/2020\/05\/dock-1277744_960_720-300x241.jpg 300w, https:\/\/mrcmarine.com\/wp-content\/uploads\/2020\/05\/dock-1277744_960_720-768x617.jpg 768w\" sizes=\"(max-width: 709px) 85vw, (max-width: 909px) 67vw, (max-width: 1362px) 62vw, 840px\" \/><\/figure><\/li><\/ul><\/figure>\n","protected":false},"excerpt":{"rendered":"<p>T\u00fcm s\u0131f\u0131r&amp;ikinci el cihaz, ar\u0131za , bak\u0131m ve sertifikasyon i\u015flemlerinizi en h\u0131zl\u0131 \u015fekilde \u00e7\u00f6z\u00fcmlemeyi hedeflemekteyiz. Deneyimli ekibimizle m\u00fc\u015fterilerimize gemi i\u015fletmesi, teknik y\u00f6netimi ve onar\u0131m-bak\u0131m konular\u0131nda dan\u0131\u015fmanl\u0131k vermekteyiz. \u015eirketimizin Teknik Y\u00f6netimi politikalar \u00e7er\u00e7evesinde gemi sahipleri ve kirac\u0131lar i\u00e7in s\u00fcrekli olarak g\u00fcvenli ve etkili operasyonlar\u0131 garanti eder. S\u0131n\u0131f, Bayrak ve kalite standartlar\u0131 \u00e7er\u00e7evesinde hizmet sunmaktay\u0131z. RADIO SURVEY &hellip; <a href=\"https:\/\/mrcmarine.com\/index.php\/hizmetlerimiz\/\" class=\"more-link\">Okumaya devam et<span class=\"screen-reader-text\"> &#8220;H\u0130ZMETLER\u0130M\u0130Z&#8221;<\/span><\/a><\/p>\n","protected":false},"author":1,"featured_media":0,"parent":0,"menu_order":0,"comment_status":"closed","ping_status":"closed","template":"","meta":[],"_links":{"self":[{"href":"https:\/\/mrcmarine.com\/index.php\/wp-json\/wp\/v2\/pages\/315"}],"collection":[{"href":"https:\/\/mrcmarine.com\/index.php\/wp-json\/wp\/v2\/pages"}],"about":[{"href":"https:\/\/mrcmarine.com\/index.php\/wp-json\/wp\/v2\/types\/page"}],"author":[{"embeddable":true,"href":"https:\/\/mrcmarine.com\/index.php\/wp-json\/wp\/v2\/users\/1"}],"replies":[{"embeddable":true,"href":"https:\/\/mrcmarine.com\/index.php\/wp-json\/wp\/v2\/comments?post=315"}],"version-history":[{"count":1,"href":"https:\/\/mrcmarine.com\/index.php\/wp-json\/wp\/v2\/pages\/315\/revisions"}],"predecessor-version":[{"id":316,"href":"https:\/\/mrcmarine.com\/index.php\/wp-json\/wp\/v2\/pages\/315\/revisions\/316"}],"wp:attachment":[{"href":"https:\/\/mrcmarine.com\/index.php\/wp-json\/wp\/v2\/media?parent=315"}],"curies":[{"name":"wp","href":"https:\/\/api.w.org\/{rel}","templated":true}]}}