{"id":319,"date":"2020-05-30T18:44:19","date_gmt":"2020-05-30T18:44:19","guid":{"rendered":"http:\/\/mrcmarine.com\/?page_id=319"},"modified":"2021-01-15T18:10:21","modified_gmt":"2021-01-15T18:10:21","slug":"approvals","status":"publish","type":"page","link":"https:\/\/mrcmarine.com\/index.php\/approvals\/","title":{"rendered":"APPROVALS"},"content":{"rendered":"\n<ul><li>CLASS NK<\/li><li><em>T\u00dcRK LOYDU<\/em><\/li><li><em>BUREAU VERITAS <\/em><\/li><li><em>Russian Maritime Register of Shipping<\/em><\/li><li><em>CLASS IBS<\/em><\/li><li><em>Bulgarian Register of Shipping<\/em><\/li><li>ABS<\/li><li>URACOS<\/li><li><em>United Registration  and Classification of Services<\/em><\/li><li><em>RINA Services<\/em><\/li><li><em>American Bureau of Shipping (ABS)<\/em><\/li><li><em>Korean Register<\/em><\/li><li><em>DNV GL<\/em><\/li><li><em>IRCLASS Certification<\/em><\/li><\/ul>\n\n\n\n<figure class=\"wp-block-gallery columns-1 is-cropped\"><ul class=\"blocks-gallery-grid\"><li class=\"blocks-gallery-item\"><figure><img loading=\"lazy\" width=\"1024\" height=\"576\" src=\"https:\/\/mrcmarine.com\/wp-content\/uploads\/2021\/01\/MRC-GEM\u0130-MALZEMELER\u0130-\u0130TH.-\u0130HR.-DAN.-SAN-VE-T\u0130C.-A\u015e.-1-1024x576.png\" alt=\"\" data-id=\"366\" data-full-url=\"https:\/\/mrcmarine.com\/wp-content\/uploads\/2021\/01\/MRC-GEM\u0130-MALZEMELER\u0130-\u0130TH.-\u0130HR.-DAN.-SAN-VE-T\u0130C.-A\u015e.-1.png\" data-link=\"https:\/\/mrcmarine.com\/index.php\/approvals\/mrc-gemi-malzemeleri-ith-ihr-dan-san-ve-tic-as-1\/\" class=\"wp-image-366\" srcset=\"https:\/\/mrcmarine.com\/wp-content\/uploads\/2021\/01\/MRC-GEM\u0130-MALZEMELER\u0130-\u0130TH.-\u0130HR.-DAN.-SAN-VE-T\u0130C.-A\u015e.-1-1024x576.png 1024w, https:\/\/mrcmarine.com\/wp-content\/uploads\/2021\/01\/MRC-GEM\u0130-MALZEMELER\u0130-\u0130TH.-\u0130HR.-DAN.-SAN-VE-T\u0130C.-A\u015e.-1-300x169.png 300w, https:\/\/mrcmarine.com\/wp-content\/uploads\/2021\/01\/MRC-GEM\u0130-MALZEMELER\u0130-\u0130TH.-\u0130HR.-DAN.-SAN-VE-T\u0130C.-A\u015e.-1-768x432.png 768w, https:\/\/mrcmarine.com\/wp-content\/uploads\/2021\/01\/MRC-GEM\u0130-MALZEMELER\u0130-\u0130TH.-\u0130HR.-DAN.-SAN-VE-T\u0130C.-A\u015e.-1-1536x864.png 1536w, https:\/\/mrcmarine.com\/wp-content\/uploads\/2021\/01\/MRC-GEM\u0130-MALZEMELER\u0130-\u0130TH.-\u0130HR.-DAN.-SAN-VE-T\u0130C.-A\u015e.-1-1200x675.png 1200w, https:\/\/mrcmarine.com\/wp-content\/uploads\/2021\/01\/MRC-GEM\u0130-MALZEMELER\u0130-\u0130TH.-\u0130HR.-DAN.-SAN-VE-T\u0130C.-A\u015e.-1.png 1920w\" sizes=\"(max-width: 709px) 85vw, (max-width: 909px) 67vw, (max-width: 1362px) 62vw, 840px\" \/><\/figure><\/li><\/ul><\/figure>\n\n\n\n<p><\/p>\n","protected":false},"excerpt":{"rendered":"<p>CLASS NK T\u00dcRK LOYDU BUREAU VERITAS Russian Maritime Register of Shipping CLASS IBS Bulgarian Register of Shipping ABS URACOS United Registration and Classification of Services RINA Services American Bureau of Shipping (ABS) Korean Register DNV GL IRCLASS Certification<\/p>\n","protected":false},"author":1,"featured_media":0,"parent":0,"menu_order":0,"comment_status":"closed","ping_status":"closed","template":"","meta":[],"_links":{"self":[{"href":"https:\/\/mrcmarine.com\/index.php\/wp-json\/wp\/v2\/pages\/319"}],"collection":[{"href":"https:\/\/mrcmarine.com\/index.php\/wp-json\/wp\/v2\/pages"}],"about":[{"href":"https:\/\/mrcmarine.com\/index.php\/wp-json\/wp\/v2\/types\/page"}],"author":[{"embeddable":true,"href":"https:\/\/mrcmarine.com\/index.php\/wp-json\/wp\/v2\/users\/1"}],"replies":[{"embeddable":true,"href":"https:\/\/mrcmarine.com\/index.php\/wp-json\/wp\/v2\/comments?post=319"}],"version-history":[{"count":2,"href":"https:\/\/mrcmarine.com\/index.php\/wp-json\/wp\/v2\/pages\/319\/revisions"}],"predecessor-version":[{"id":367,"href":"https:\/\/mrcmarine.com\/index.php\/wp-json\/wp\/v2\/pages\/319\/revisions\/367"}],"wp:attachment":[{"href":"https:\/\/mrcmarine.com\/index.php\/wp-json\/wp\/v2\/media?parent=319"}],"curies":[{"name":"wp","href":"https:\/\/api.w.org\/{rel}","templated":true}]}}